{"id":760,"date":"2025-02-07T22:35:23","date_gmt":"2025-02-07T22:35:23","guid":{"rendered":"http:\/\/skinlaserlucy.de\/about\/"},"modified":"2026-03-30T16:23:42","modified_gmt":"2026-03-30T16:23:42","slug":"uber-skinlaser-lucy-munchen","status":"publish","type":"page","link":"https:\/\/skinlaserlucy.de\/en\/uber-skinlaser-lucy-munchen\/","title":{"rendered":"\u00dcber Uns"},"content":{"rendered":"<div class=\"wp-block-uagb-container uagb-block-393ec660 alignfull uagb-is-root-container\"><div class=\"uagb-container__video-wrap\"><video autoplay loop muted playsinline><source src=\"https:\/\/skinlaserlucy.de\/wp-content\/uploads\/2025\/02\/bg2.mp4\" type=\"video\/mp4\"\/><\/video><\/div><div class=\"uagb-container-inner-blocks-wrap\">\n<div class=\"wp-block-uagb-info-box uagb-block-3f17fba2 uagb-infobox__content-wrap  uagb-infobox-icon-above-title uagb-infobox-image-valign-top wp-block-uagb-info-box--has-margin\"><div class=\"uagb-infobox-margin-wrapper\"><div class=\"uagb-ifb-content\"><div class=\"uagb-ifb-title-wrap\"><h1 class=\"uagb-ifb-title\"><strong>\u00dcber Skinlaser Lucy \u2013 Spezialistin f\u00fcr Laser Haarentfernung in M\u00fcnchen<\/strong><\/h1><\/div><\/div><\/div><\/div>\n<\/div><\/div>\n\n\n\n<div class=\"wp-block-uagb-container uagb-block-ijtmm2qs alignfull uagb-is-root-container\"><div class=\"uagb-container-inner-blocks-wrap\">\n<div class=\"wp-block-uagb-image alignleft uagb-block-v4pxmm74 wp-block-uagb-image--layout-default wp-block-uagb-image--effect-static wp-block-uagb-image--align-left\"><figure class=\"wp-block-uagb-image__figure\"><img loading=\"lazy\" decoding=\"async\" srcset=\"https:\/\/skinlaserlucy.de\/wp-content\/uploads\/2025\/03\/photo_2025-03-03_21-09-12-1024x729.jpg ,https:\/\/skinlaserlucy.de\/wp-content\/uploads\/2025\/03\/photo_2025-03-03_21-09-12.jpg 780w, https:\/\/skinlaserlucy.de\/wp-content\/uploads\/2025\/03\/photo_2025-03-03_21-09-12.jpg 360w\" sizes=\"auto, (max-width: 480px) 150px\" src=\"https:\/\/skinlaserlucy.de\/wp-content\/uploads\/2025\/03\/photo_2025-03-03_21-09-12-1024x729.jpg\" alt=\"Lucia Cantir Laser Haarentfernung Spezialistin M\u00fcnchen\" class=\"uag-image-2895\" width=\"564\" height=\"450\" title=\"Lucia Cantir Laser Haarentfernung Spezialistin M\u00fcnchen\" role=\"img\"\/><\/figure><\/div>\n\n\n\n<div class=\"wp-block-uagb-info-box uagb-block-gfom5nf9 uagb-infobox__content-wrap  uagb-infobox-icon-above-title uagb-infobox-image-valign-top\"><div class=\"uagb-ifb-content\"><div class=\"uagb-ifb-title-wrap\"><h2 class=\"uagb-ifb-title\">Willkommen bei Skinlaser Lucy \u2013 sanfte Laser Haarentfernung in M\u00fcnchen<\/h2><\/div><div class=\"uagb-ifb-desc\">\n<p class=\"has-ast-global-color-2-color has-text-color has-link-color wp-elements-e50726226aad010c67bfacd716cd0572\" style=\"margin-top:var(--wp--preset--spacing--30);margin-right:0;margin-bottom:var(--wp--preset--spacing--30);margin-left:0;font-size:22px\"><strong>Warum Kundinnen und Kunden aus M\u00fcnchen Skinlaser Lucy vertrauen<\/strong>?<\/p>\n\n\n\n<p>Skinlaser Lucy M\u00fcnchen steht f\u00fcr professionelle Laser Haarentfernung mit moderner Diodenlaser-Technologie. Gr\u00fcnderin Lucia Cantir ist zertifizierte Spezialistin und begleitet Kundinnen und Kunden aus M\u00fcnchen auf dem Weg zu dauerhaft glatter Haut.<\/p>\n\n\n\n<p>Mit \u00fcber 5 Jahren Erfahrung bietet Skinlaser Lucy sichere und effektive Behandlungen f\u00fcr verschiedene K\u00f6rperbereiche wie Achseln, Beine, Intimbereich oder Gesicht. Jede Behandlung wird individuell an Haut- und Haartyp angepasst, um optimale Ergebnisse zu erzielen.<\/p>\n\n\n\n<p><br>Kundinnen und Kunden aus M\u00fcnchen sch\u00e4tzen besonders die pers\u00f6nliche Beratung, moderne Technologie und sichtbare Ergebnisse schon nach wenigen Sitzungen. Skinlaser Lucy betreut viele Kundinnen und Kunden aus Neuhausen-Nymphenburg sowie den umliegenden Stadtteilen.<br><br><a href=\"https:\/\/skinlaserlucy.de\/en\/\" data-type=\"page\" data-id=\"757\">Laser Haarentfernung in M\u00fcnchen<\/a><br><\/p>\n<\/div><\/div><\/div>\n<\/div><\/div>\n\n\n\n<div class=\"wp-block-uagb-container uagb-block-1b52010a alignfull uagb-is-root-container\"><div class=\"uagb-container-inner-blocks-wrap\">\n<div class=\"wp-block-uagb-container uagb-block-ceab6c7c\">\n<div class=\"wp-block-uagb-info-box uagb-block-770bb485 uagb-infobox__content-wrap  uagb-infobox-icon-above-title uagb-infobox-image-valign-top\"><div class=\"uagb-ifb-content\"><div class=\"uagb-ifb-icon-wrap\"><svg xmlns=\"https:\/\/www.w3.org\/2000\/svg\" viewbox=\"0 0 576 512\"><path d=\"M568.3 192c-29 .125-135 6.124-213.9 82.1C321.2 304.7 301 338.3 288 369.9c-13-31.63-33.25-65.25-66.38-94.87C142.8 198.2 36.75 192.2 7.75 192C3.375 192 0 195.4 0 199.9c.25 27.88 7.125 126.2 88.75 199.3C172.8 481 256 479.1 288 479.1s115.2 1.025 199.3-80.85C568.9 326 575.8 227.7 576 199.9C576 195.4 572.6 192 568.3 192zM288 302.6c12.75-18.87 27.62-35.75 44.13-50.5c19-18.62 39.5-33.37 60.25-45.25c-16.5-70.5-51.75-133-96.75-172.3c-4.125-3.5-11-3.5-15.12 0c-45 39.25-80.25 101.6-96.75 172.1c20.37 11.75 40.5 26.12 59.25 44.37C260 266.4 275.1 283.7 288 302.6z\"><\/path><\/svg><\/div><div class=\"uagb-ifb-title-wrap\"><h4 class=\"uagb-ifb-title\">Skin care<\/h4><\/div><p class=\"uagb-ifb-desc\">Gentle treatments for radiant, healthy skin - tailored to your skin type<\/p><\/div><\/div>\n\n\n\n<div class=\"wp-block-uagb-info-box uagb-block-dff48eb5 uagb-infobox__content-wrap  uagb-infobox-icon-above-title uagb-infobox-image-valign-top\"><div class=\"uagb-ifb-content\"><div class=\"uagb-ifb-icon-wrap\"><svg xmlns=\"https:\/\/www.w3.org\/2000\/svg\" viewbox=\"0 0 384 512\"><path d=\"M381.2 172.8C377.1 164.9 368.9 160 360 160h-156.6l50.84-127.1c2.969-7.375 2.062-15.78-2.406-22.38S239.1 0 232 0h-176C43.97 0 33.81 8.906 32.22 20.84l-32 240C-.7179 267.7 1.376 274.6 5.938 279.8C10.5 285 17.09 288 24 288h146.3l-41.78 194.1c-2.406 11.22 3.469 22.56 14 27.09C145.6 511.4 148.8 512 152 512c7.719 0 15.22-3.75 19.81-10.44l208-304C384.8 190.2 385.4 180.7 381.2 172.8z\"><\/path><\/svg><\/div><div class=\"uagb-ifb-title-wrap\"><h4 class=\"uagb-ifb-title\">Laser hair removal<\/h4><\/div><p class=\"uagb-ifb-desc\">Effective &amp; painless - for long-lasting smooth skin<\/p><\/div><\/div>\n\n\n\n<div class=\"wp-block-uagb-info-box uagb-block-3a1b4396 uagb-infobox__content-wrap  uagb-infobox-icon-above-title uagb-infobox-image-valign-top\"><div class=\"uagb-ifb-content\"><div class=\"uagb-ifb-icon-wrap\"><svg xmlns=\"https:\/\/www.w3.org\/2000\/svg\" viewbox=\"0 0 576 512\"><path d=\"M248.8 4.994C249.9 1.99 252.8 .0001 256 .0001C259.2 .0001 262.1 1.99 263.2 4.994L277.3 42.67L315 56.79C318 57.92 320 60.79 320 64C320 67.21 318 70.08 315 71.21L277.3 85.33L263.2 123C262.1 126 259.2 128 256 128C252.8 128 249.9 126 248.8 123L234.7 85.33L196.1 71.21C193.1 70.08 192 67.21 192 64C192 60.79 193.1 57.92 196.1 56.79L234.7 42.67L248.8 4.994zM427.4 14.06C446.2-4.686 476.6-4.686 495.3 14.06L529.9 48.64C548.6 67.38 548.6 97.78 529.9 116.5L148.5 497.9C129.8 516.6 99.38 516.6 80.64 497.9L46.06 463.3C27.31 444.6 27.31 414.2 46.06 395.4L427.4 14.06zM461.4 59.31L356.3 164.3L379.6 187.6L484.6 82.58L461.4 59.31zM7.491 117.2L64 96L85.19 39.49C86.88 34.98 91.19 32 96 32C100.8 32 105.1 34.98 106.8 39.49L128 96L184.5 117.2C189 118.9 192 123.2 192 128C192 132.8 189 137.1 184.5 138.8L128 160L106.8 216.5C105.1 221 100.8 224 96 224C91.19 224 86.88 221 85.19 216.5L64 160L7.491 138.8C2.985 137.1 0 132.8 0 128C0 123.2 2.985 118.9 7.491 117.2zM359.5 373.2L416 352L437.2 295.5C438.9 290.1 443.2 288 448 288C452.8 288 457.1 290.1 458.8 295.5L480 352L536.5 373.2C541 374.9 544 379.2 544 384C544 388.8 541 393.1 536.5 394.8L480 416L458.8 472.5C457.1 477 452.8 480 448 480C443.2 480 438.9 477 437.2 472.5L416 416L359.5 394.8C354.1 393.1 352 388.8 352 384C352 379.2 354.1 374.9 359.5 373.2z\"><\/path><\/svg><\/div><div class=\"uagb-ifb-title-wrap\"><h4 class=\"uagb-ifb-title\">Aesthetic cosmetics<\/h4><\/div><p class=\"uagb-ifb-desc\">Modern techniques for a youthful, fresh complexion.<\/p><\/div><\/div>\n<\/div>\n\n\n\n<div class=\"wp-block-uagb-container uagb-block-d31d2486\">\n<div class=\"wp-block-uagb-advanced-heading uagb-block-c400bcd4\"><h3 class=\"uagb-heading-text\">Warum Laser Haarentfernung bei Skinlaser Lucy?<\/h3><\/div>\n\n\n\n<p>Die Laser Haarentfernung bei Skinlaser Lucy in M\u00fcnchen bietet eine moderne und effektive L\u00f6sung f\u00fcr langfristig glatte Haut. Durch den Einsatz professioneller Diodenlaser-Technologie k\u00f6nnen Haarwurzeln gezielt behandelt werden, ohne die umliegende Haut zu sch\u00e4digen.<\/p>\n\n\n\n<p>Viele Kundinnen und Kunden aus M\u00fcnchen entscheiden sich f\u00fcr diese Methode, weil sie eine dauerhafte Reduktion des Haarwachstums erm\u00f6glicht und deutlich komfortabler ist als regelm\u00e4\u00dfiges Rasieren oder Waxing. Bereits nach wenigen Sitzungen kann eine sichtbare Verbesserung erreicht werden.<\/p>\n\n\n\n<p>Bei Skinlaser Lucy steht eine individuelle Beratung im Mittelpunkt. Jede Behandlung wird an den Haut- und Haartyp angepasst, um sichere und optimale Ergebnisse zu erzielen.<\/p>\n<\/div>\n<\/div><\/div>\n\n\n\n<div class=\"wp-block-uagb-container uagb-block-30552b56 alignfull uagb-is-root-container\"><div class=\"uagb-container-inner-blocks-wrap\">\n<div class=\"wp-block-group is-nowrap is-layout-flex wp-container-core-group-is-layout-6c531013 wp-block-group-is-layout-flex\">\n<div class=\"wp-block-uagb-container uagb-block-ad4906c4\">\n<div class=\"wp-block-uagb-advanced-heading uagb-block-2e7861e3\"><h3 class=\"uagb-heading-text\">Warum ist die Diodenlaser-Technologie so effektiv?<\/h3><\/div>\n\n\n\n<div class=\"wp-block-uagb-info-box uagb-block-5b57280e uagb-infobox__content-wrap  uagb-infobox-icon-above-title uagb-infobox-image-valign-top\"><div class=\"uagb-ifb-content\"><div class=\"uagb-ifb-title-wrap\"><h4 class=\"uagb-ifb-title\">Wie funktioniert die Laser Haarentfernung?<br><\/h4><\/div><p class=\"uagb-ifb-desc\"><br>Unsere moderne Diodenlaser-Technologie zerst\u00f6rt gezielt die Haarwurzel, ohne die umliegende Haut zu besch\u00e4digen. Das Laserlicht wird vom Melanin im Haar aufgenommen und in W\u00e4rme umgewandelt. Dadurch wird der Haarfollikel dauerhaft geschw\u00e4cht und das Haarwachstum reduziert.<br>Die Laser Haarentfernung ist eine der effektivsten Methoden zur langfristigen Reduktion von unerw\u00fcnschtem Haarwachstum. Schon nach wenigen Sitzungen kann eine dauerhafte Haarreduktion von bis zu 90 % erreicht werden.<br><br>Behandlungsdauer: 10\u201360 Minuten pro Sitzung<br>Empfohlene Sitzungen: 6\u20138 Sitzungen je nach Haut- und Haartyp<br>Technologie: moderne Diodenlaser-Technologie<br>Ergebnis: langfristige Reduktion des Haarwachstums<br><br>Die Behandlung eignet sich f\u00fcr verschiedene K\u00f6rperbereiche wie Achseln, Beine, Intimbereich oder Geicht.<br><\/p><\/div><\/div>\n<\/div>\n\n\n\n<div class=\"wp-block-uagb-container uagb-block-905de569\">\n<figure class=\"wp-block-image size-large is-resized\"><img decoding=\"async\" src=\"https:\/\/static.wixstatic.com\/media\/641ed4_d163998423e740ad9bca93f3c4fbd3ee~mv2.jpg\/v1\/fill\/w_355,h_355,al_c,q_80,usm_0.66_1.00_0.01,enc_avif,quality_auto\/5.jpg\" alt=\"\" style=\"aspect-ratio:2\/3;object-fit:cover;width:400px\" title=\"\"><\/figure>\n<\/div>\n<\/div>\n<\/div><\/div>\n\n\n\n<div class=\"wp-block-uagb-container uagb-block-40e44cb7 alignfull uagb-is-root-container\"><div class=\"uagb-container-inner-blocks-wrap\">\n<div class=\"wp-block-uagb-container uagb-block-dd849f44\">\n<div class=\"wp-block-uagb-container uagb-block-8f1ab11d\">\n<div class=\"wp-block-uagb-container uagb-block-369edc90\">\n<div class=\"wp-block-media-text is-stacked-on-mobile\" style=\"border-radius:0px;grid-template-columns:39% auto\"><figure class=\"wp-block-media-text__media\"><img fetchpriority=\"high\" decoding=\"async\" width=\"682\" height=\"1024\" src=\"https:\/\/skinlaserlucy.de\/wp-content\/uploads\/2025\/02\/photo_2025-02-12_23-47-17-1-682x1024.jpg\" alt=\"\" class=\"wp-image-2503 size-full\" title=\"\" srcset=\"https:\/\/skinlaserlucy.de\/wp-content\/uploads\/2025\/02\/photo_2025-02-12_23-47-17-1-682x1024.jpg 682w, https:\/\/skinlaserlucy.de\/wp-content\/uploads\/2025\/02\/photo_2025-02-12_23-47-17-1-200x300.jpg 200w, https:\/\/skinlaserlucy.de\/wp-content\/uploads\/2025\/02\/photo_2025-02-12_23-47-17-1-768x1152.jpg 768w, https:\/\/skinlaserlucy.de\/wp-content\/uploads\/2025\/02\/photo_2025-02-12_23-47-17-1.jpg 853w\" sizes=\"(max-width: 682px) 100vw, 682px\" \/><\/figure><div class=\"wp-block-media-text__content\">\n<p class=\"has-text-align-left has-ast-global-color-2-color has-text-color has-link-color has-x-large-font-size wp-elements-d1c6cdaefd51c85d1aafd52795be9857\"><strong><br>Lucia Cantir<\/strong><\/p>\n\n\n\n<p class=\"has-ast-global-color-2-color has-text-color has-link-color has-medium-font-size wp-elements-ba92c430cb276c8b275eb16241f4da56\"><strong>Zertifizierte Laser-Spezialistin &amp; Gr\u00fcnderin von Skinlaser Lucy<\/strong><\/p>\n\n\n\n<p style=\"margin-top:0;margin-bottom:0;font-size:18px\">Lucia Cantir ist zertifizierte Spezialistin f\u00fcr Laser Haarentfernung in M\u00fcnchen und Gr\u00fcnderin von Skinlaser Lucy. Mit \u00fcber 5 Jahren Erfahrung im Bereich \u00e4sthetische Kosmetik und moderner Diodenlaser-Technologie begleitet sie Kundinnen und Kunden auf dem Weg zu dauerhaft glatter Haut.<\/p>\n\n\n\n<p style=\"font-size:18px\">Durch ihre professionelle Ausbildung und kontinuierliche Weiterbildung arbeitet Lucia Cantir mit modernen, hautschonenden Methoden der Laser-Haarentfernung. Jede Behandlung wird individuell auf Haut- und Haartyp abgestimmt, um sichere und effektive Ergebnisse zu erzielen.<\/p>\n\n\n\n<p style=\"margin-top:0;margin-bottom:0;font-size:18px\">Ihr Anspruch ist es, eine angenehme, vertrauensvolle Atmosph\u00e4re zu schaffen und jeder Kundin und jedem Kunden zu mehr Selbstbewusstsein und Wohlbefinden zu verhelfen.<\/p>\n\n\n\n<div class=\"wp-block-buttons is-layout-flex wp-block-buttons-is-layout-flex\" style=\"margin-top:0;margin-bottom:var(--wp--preset--spacing--80)\">\n<div class=\"wp-block-button is-style-fill\"><a class=\"wp-block-button__link wp-element-button\" href=\"https:\/\/skinlaserlucy.de\/wp-content\/uploads\/2025\/02\/lucia.pdf\" style=\"border-radius:13px;padding-top:var(--wp--preset--spacing--40);padding-right:var(--wp--preset--spacing--50);padding-bottom:var(--wp--preset--spacing--40);padding-left:var(--wp--preset--spacing--50)\" rel=\"https:\/\/skinlaserlucy.de\/wp-content\/uploads\/2025\/02\/lucia.pdf\">Read more<\/a><\/div>\n<\/div>\n<\/div><\/div>\n<\/div>\n<\/div>\n<\/div>\n<\/div><\/div>\n\n\n\n<div class=\"wp-block-uagb-advanced-heading uagb-block-6d25e302\"><h3 class=\"uagb-heading-text\"><strong>Ihre Vorteile bei Skinlaser Lucy<\/strong><\/h3><\/div>\n\n\n\n<p class=\"has-text-align-left\" style=\"font-size:18px\">\u2713 Zertifizierte Laser-Spezialistin (NISV)<br>\u2713 Moderne Diodenlaser-Technologie<br>\u2713 \u00dcber 5 Jahre Erfahrung<br>\u2713 Individuelle Beratung f\u00fcr jeden Hauttyp<br>\u2713 Behandlung f\u00fcr Achseln, Beine, Intimbereich und Gesicht<\/p>\n\n\n\n<div class=\"wp-block-uagb-advanced-heading uagb-block-6e2fe9b0\"><h4 class=\"uagb-heading-text\">Beliebte Behandlungen der Laser Haarentfernung<\/h4><\/div>\n\n\n\n<p><a href=\"https:\/\/www.planity.com\/de-DE\/skinlase_lucy-haarentfernung-munich-80636-munchen\" rel=\"nofollow noopener\" target=\"_blank\">Laser Haarentfernung Achseln in M\u00fcnchen<br>Laser Haarentfernung Beine in M\u00fcnchen<br>Laser Haarentfernung Intimbereich in M\u00fcnchen<br>Laser Haarentfernung Gesicht in M\u00fcnchen<\/a><\/p>\n\n\n\n<p>Skinlaser Lucy befindet sich in M\u00fcnchen Neuhausen-Nymphenburg und betreut Kundinnen und Kunden aus ganz M\u00fcnchen sowie den umliegenden Stadtteilen.Die Laser Haarentfernung bei Skinlaser Lucy in M\u00fcnchen ist f\u00fcr viele Kundinnen und Kunden eine langfristige L\u00f6sung f\u00fcr glatte Haut. Durch moderne Diodenlaser-Technologie k\u00f6nnen unerw\u00fcnschte Haare effektiv reduziert werden. Bereits nach wenigen Sitzungen sind sichtbare Ergebnisse m\u00f6glich, w\u00e4hrend die Behandlung gleichzeitig hautschonend und sicher durchgef\u00fchrt wird.Viele Kundinnen und Kunden aus M\u00fcnchen entscheiden sich f\u00fcr Skinlaser Lucy, da die Laser Haarentfernung effektiv, hautschonend und langfristig wirksam ist.<\/p>","protected":false},"excerpt":{"rendered":"<p>Warum Laser Haarentfernung bei Skinlaser Lucy? Die Laser Haarentfernung bei Skinlaser Lucy in M\u00fcnchen bietet eine moderne und effektive L\u00f6sung f\u00fcr langfristig glatte Haut. Durch den Einsatz professioneller Diodenlaser-Technologie k\u00f6nnen Haarwurzeln gezielt behandelt werden, ohne die umliegende Haut zu sch\u00e4digen. Viele Kundinnen und Kunden aus M\u00fcnchen entscheiden sich f\u00fcr diese Methode, weil sie eine dauerhafte [&hellip;]<\/p>","protected":false},"author":1,"featured_media":2503,"parent":0,"menu_order":0,"comment_status":"closed","ping_status":"closed","template":"","meta":{"_uag_custom_page_level_css":"","site-sidebar-layout":"no-sidebar","site-content-layout":"page-builder","ast-site-content-layout":"full-width-container","site-content-style":"unboxed","site-sidebar-style":"unboxed","ast-global-header-display":"","ast-banner-title-visibility":"","ast-main-header-display":"","ast-hfb-above-header-display":"","ast-hfb-below-header-display":"","ast-hfb-mobile-header-display":"","site-post-title":"disabled","ast-breadcrumbs-content":"","ast-featured-img":"disabled","footer-sml-layout":"","theme-transparent-header-meta":"enabled","adv-header-id-meta":"","stick-header-meta":"","header-above-stick-meta":"","header-main-stick-meta":"","header-below-stick-meta":"","astra-migrate-meta-layouts":"set","ast-page-background-enabled":"default","ast-page-background-meta":{"desktop":{"background-color":"var(--ast-global-color-4)","background-image":"","background-repeat":"repeat","background-position":"center center","background-size":"auto","background-attachment":"scroll","background-type":"","background-media":"","overlay-type":"","overlay-color":"","overlay-opacity":"","overlay-gradient":""},"tablet":{"background-color":"","background-image":"","background-repeat":"repeat","background-position":"center center","background-size":"auto","background-attachment":"scroll","background-type":"","background-media":"","overlay-type":"","overlay-color":"","overlay-opacity":"","overlay-gradient":""},"mobile":{"background-color":"","background-image":"","background-repeat":"repeat","background-position":"center center","background-size":"auto","background-attachment":"scroll","background-type":"","background-media":"","overlay-type":"","overlay-color":"","overlay-opacity":"","overlay-gradient":""}},"ast-content-background-meta":{"desktop":{"background-color":"var(--ast-global-color-5)","background-image":"","background-repeat":"repeat","background-position":"center center","background-size":"auto","background-attachment":"scroll","background-type":"","background-media":"","overlay-type":"","overlay-color":"","overlay-opacity":"","overlay-gradient":""},"tablet":{"background-color":"var(--ast-global-color-5)","background-image":"","background-repeat":"repeat","background-position":"center center","background-size":"auto","background-attachment":"scroll","background-type":"","background-media":"","overlay-type":"","overlay-color":"","overlay-opacity":"","overlay-gradient":""},"mobile":{"background-color":"var(--ast-global-color-5)","background-image":"","background-repeat":"repeat","background-position":"center center","background-size":"auto","background-attachment":"scroll","background-type":"","background-media":"","overlay-type":"","overlay-color":"","overlay-opacity":"","overlay-gradient":""}},"footnotes":""},"class_list":["post-760","page","type-page","status-publish","has-post-thumbnail","hentry"],"_hostinger_reach_plugin_has_subscription_block":false,"_hostinger_reach_plugin_is_elementor":false,"uagb_featured_image_src":{"full":["https:\/\/skinlaserlucy.de\/wp-content\/uploads\/2025\/02\/photo_2025-02-12_23-47-17-1.jpg",853,1280,false],"thumbnail":["https:\/\/skinlaserlucy.de\/wp-content\/uploads\/2025\/02\/photo_2025-02-12_23-47-17-1-150x150.jpg",150,150,true],"medium":["https:\/\/skinlaserlucy.de\/wp-content\/uploads\/2025\/02\/photo_2025-02-12_23-47-17-1-200x300.jpg",200,300,true],"medium_large":["https:\/\/skinlaserlucy.de\/wp-content\/uploads\/2025\/02\/photo_2025-02-12_23-47-17-1-768x1152.jpg",768,1152,true],"large":["https:\/\/skinlaserlucy.de\/wp-content\/uploads\/2025\/02\/photo_2025-02-12_23-47-17-1-682x1024.jpg",682,1024,true],"1536x1536":["https:\/\/skinlaserlucy.de\/wp-content\/uploads\/2025\/02\/photo_2025-02-12_23-47-17-1.jpg",853,1280,false],"2048x2048":["https:\/\/skinlaserlucy.de\/wp-content\/uploads\/2025\/02\/photo_2025-02-12_23-47-17-1.jpg",853,1280,false],"trp-custom-language-flag":["https:\/\/skinlaserlucy.de\/wp-content\/uploads\/2025\/02\/photo_2025-02-12_23-47-17-1.jpg",8,12,false]},"uagb_author_info":{"display_name":"calancea.sandu@gmail.com","author_link":"https:\/\/skinlaserlucy.de\/en\/author\/calancea-sandugmail-com\/"},"uagb_comment_info":0,"uagb_excerpt":"Warum Laser Haarentfernung bei Skinlaser Lucy? Die Laser Haarentfernung bei Skinlaser Lucy in M\u00fcnchen bietet eine moderne und effektive L\u00f6sung f\u00fcr langfristig glatte Haut. Durch den Einsatz professioneller Diodenlaser-Technologie k\u00f6nnen Haarwurzeln gezielt behandelt werden, ohne die umliegende Haut zu sch\u00e4digen. Viele Kundinnen und Kunden aus M\u00fcnchen entscheiden sich f\u00fcr diese Methode, weil sie eine dauerhafte&hellip;","_links":{"self":[{"href":"https:\/\/skinlaserlucy.de\/en\/wp-json\/wp\/v2\/pages\/760","targetHints":{"allow":["GET"]}}],"collection":[{"href":"https:\/\/skinlaserlucy.de\/en\/wp-json\/wp\/v2\/pages"}],"about":[{"href":"https:\/\/skinlaserlucy.de\/en\/wp-json\/wp\/v2\/types\/page"}],"author":[{"embeddable":true,"href":"https:\/\/skinlaserlucy.de\/en\/wp-json\/wp\/v2\/users\/1"}],"replies":[{"embeddable":true,"href":"https:\/\/skinlaserlucy.de\/en\/wp-json\/wp\/v2\/comments?post=760"}],"version-history":[{"count":92,"href":"https:\/\/skinlaserlucy.de\/en\/wp-json\/wp\/v2\/pages\/760\/revisions"}],"predecessor-version":[{"id":3641,"href":"https:\/\/skinlaserlucy.de\/en\/wp-json\/wp\/v2\/pages\/760\/revisions\/3641"}],"wp:featuredmedia":[{"embeddable":true,"href":"https:\/\/skinlaserlucy.de\/en\/wp-json\/wp\/v2\/media\/2503"}],"wp:attachment":[{"href":"https:\/\/skinlaserlucy.de\/en\/wp-json\/wp\/v2\/media?parent=760"}],"curies":[{"name":"wp","href":"https:\/\/api.w.org\/{rel}","templated":true}]}}